{"id":32,"date":"2018-06-21T19:35:15","date_gmt":"2018-06-21T19:35:15","guid":{"rendered":"https:\/\/oliveolives.com?page_id=32"},"modified":"2021-01-13T16:22:13","modified_gmt":"2021-01-13T16:22:13","slug":"annulation","status":"publish","type":"page","link":"https:\/\/www.oliveolives.com\/fr\/politiques\/annulation\/","title":{"rendered":"Politique d&#8217;annulation"},"content":{"rendered":"\t\t<div data-elementor-type=\"wp-page\" data-elementor-id=\"32\" class=\"elementor elementor-32\" data-elementor-post-type=\"page\">\n\t\t\t\t\t\t<section class=\"has_eae_slider elementor-section elementor-top-section elementor-element elementor-element-5c103784 elementor-section-boxed elementor-section-height-default elementor-section-height-default\" data-eae-slider=\"70485\" data-id=\"5c103784\" data-element_type=\"section\" data-e-type=\"section\">\n\t\t\t\t\t\t<div class=\"elementor-container elementor-column-gap-default\">\n\t\t\t\t\t<div class=\"has_eae_slider elementor-column elementor-col-100 elementor-top-column elementor-element elementor-element-3e6f216d\" data-eae-slider=\"50332\" data-id=\"3e6f216d\" data-element_type=\"column\" data-e-type=\"column\">\n\t\t\t<div class=\"elementor-widget-wrap elementor-element-populated\">\n\t\t\t\t\t\t<div class=\"elementor-element elementor-element-242c71f6 elementor-widget elementor-widget-text-editor\" data-id=\"242c71f6\" data-element_type=\"widget\" data-e-type=\"widget\" data-widget_type=\"text-editor.default\">\n\t\t\t\t<div class=\"elementor-widget-container\">\n\t\t\t\t\t\t\t\t\t<h1>Informations sur l&#8217;exploitant<\/h1>\n<p>Le site www.oliveolives.com est exploit\u00e9 par la Distributions Olive &amp; Olives inc. Les conditions de vente d\u00e9crites ci-dessus constituent un contrat entre le client et Olive &amp; Olives. Ces conditions peuvent \u00eatre modifi\u00e9es en tout temps par Olive &amp; Olives.<\/p>\t\t\t\t\t\t\t\t<\/div>\n\t\t\t\t<\/div>\n\t\t\t\t\t<\/div>\n\t\t<\/div>\n\t\t\t\t\t<\/div>\n\t\t<\/section>\n\t\t\t\t<\/div>\n\t\t","protected":false},"excerpt":{"rendered":"<p>Informations sur l&#8217;exploitant Le site www.oliveolives.com est exploit\u00e9 par la Distributions Olive &amp; Olives inc. Les conditions de vente d\u00e9crites ci-dessus constituent un contrat entre le client et Olive &amp; Olives. Ces conditions peuvent \u00eatre modifi\u00e9es en tout temps par Olive &amp; Olives.<\/p>\n","protected":false},"author":7,"featured_media":0,"parent":37,"menu_order":0,"comment_status":"closed","ping_status":"closed","template":"","meta":{"_acf_changed":false,"footnotes":""},"class_list":["post-32","page","type-page","status-publish","hentry"],"acf":[],"yoast_head":"<!-- This site is optimized with the Yoast SEO plugin v27.4 - https:\/\/yoast.com\/product\/yoast-seo-wordpress\/ -->\n<title>Politique d&#039;annulation<\/title>\n<meta name=\"description\" content=\"Informations sur l&#039;exploitant Le site www.oliveolives.com est exploit\u00e9 par la Distributions Olive &amp; Olives inc. Les conditions de vente d\u00e9crites Politique d&#039;annulation\" \/>\n<meta name=\"robots\" content=\"index, follow, max-snippet:-1, max-image-preview:large, max-video-preview:-1\" \/>\n<link rel=\"canonical\" href=\"https:\/\/www.oliveolives.com\/fr\/politiques\/annulation\/\" \/>\n<meta property=\"og:locale\" content=\"fr_FR\" \/>\n<meta property=\"og:type\" content=\"article\" \/>\n<meta property=\"og:title\" content=\"Politique d&#039;annulation\" \/>\n<meta property=\"og:description\" content=\"Informations sur l&#039;exploitant Le site www.oliveolives.com est exploit\u00e9 par la Distributions Olive &amp; Olives inc. Les conditions de vente d\u00e9crites Politique d&#039;annulation\" \/>\n<meta property=\"og:url\" content=\"https:\/\/www.oliveolives.com\/fr\/politiques\/annulation\/\" \/>\n<meta property=\"og:site_name\" content=\"Olive &amp; Olives\" \/>\n<meta property=\"article:publisher\" content=\"https:\/\/www.facebook.com\/olive.olives\/\" \/>\n<meta property=\"article:modified_time\" content=\"2021-01-13T16:22:13+00:00\" \/>\n<meta name=\"twitter:card\" content=\"summary_large_image\" \/>\n<script type=\"application\/ld+json\" class=\"yoast-schema-graph\">{\"@context\":\"https:\\\/\\\/schema.org\",\"@graph\":[{\"@type\":\"WebPage\",\"@id\":\"https:\\\/\\\/www.oliveolives.com\\\/fr\\\/politiques\\\/annulation\\\/\",\"url\":\"https:\\\/\\\/www.oliveolives.com\\\/fr\\\/politiques\\\/annulation\\\/\",\"name\":\"Politique d'annulation\",\"isPartOf\":{\"@id\":\"https:\\\/\\\/www.oliveolives.com\\\/fr\\\/#website\"},\"datePublished\":\"2018-06-21T19:35:15+00:00\",\"dateModified\":\"2021-01-13T16:22:13+00:00\",\"description\":\"Informations sur l'exploitant Le site www.oliveolives.com est exploit\u00e9 par la Distributions Olive &amp; Olives inc. Les conditions de vente d\u00e9crites Politique d'annulation\",\"breadcrumb\":{\"@id\":\"https:\\\/\\\/www.oliveolives.com\\\/fr\\\/politiques\\\/annulation\\\/#breadcrumb\"},\"inLanguage\":\"fr-FR\",\"potentialAction\":[{\"@type\":\"ReadAction\",\"target\":[\"https:\\\/\\\/www.oliveolives.com\\\/fr\\\/politiques\\\/annulation\\\/\"]}]},{\"@type\":\"BreadcrumbList\",\"@id\":\"https:\\\/\\\/www.oliveolives.com\\\/fr\\\/politiques\\\/annulation\\\/#breadcrumb\",\"itemListElement\":[{\"@type\":\"ListItem\",\"position\":1,\"name\":\"Accueil\",\"item\":\"https:\\\/\\\/www.oliveolives.com\\\/fr\\\/\"},{\"@type\":\"ListItem\",\"position\":2,\"name\":\"Politiques\",\"item\":\"https:\\\/\\\/www.oliveolives.com\\\/fr\\\/politiques\\\/\"},{\"@type\":\"ListItem\",\"position\":3,\"name\":\"Politique d&rsquo;annulation\"}]},{\"@type\":\"WebSite\",\"@id\":\"https:\\\/\\\/www.oliveolives.com\\\/fr\\\/#website\",\"url\":\"https:\\\/\\\/www.oliveolives.com\\\/fr\\\/\",\"name\":\"Olive &amp; Olives\",\"description\":\"Les sp\u00e9cialistes des huiles d\u2019olive extra vierges de qualit\u00e9\",\"potentialAction\":[{\"@type\":\"SearchAction\",\"target\":{\"@type\":\"EntryPoint\",\"urlTemplate\":\"https:\\\/\\\/www.oliveolives.com\\\/fr\\\/?s={search_term_string}\"},\"query-input\":{\"@type\":\"PropertyValueSpecification\",\"valueRequired\":true,\"valueName\":\"search_term_string\"}}],\"inLanguage\":\"fr-FR\"}]}<\/script>\n<!-- \/ Yoast SEO plugin. -->","yoast_head_json":{"title":"Politique d'annulation","description":"Informations sur l'exploitant Le site www.oliveolives.com est exploit\u00e9 par la Distributions Olive &amp; Olives inc. Les conditions de vente d\u00e9crites Politique d'annulation","robots":{"index":"index","follow":"follow","max-snippet":"max-snippet:-1","max-image-preview":"max-image-preview:large","max-video-preview":"max-video-preview:-1"},"canonical":"https:\/\/www.oliveolives.com\/fr\/politiques\/annulation\/","og_locale":"fr_FR","og_type":"article","og_title":"Politique d'annulation","og_description":"Informations sur l'exploitant Le site www.oliveolives.com est exploit\u00e9 par la Distributions Olive &amp; Olives inc. Les conditions de vente d\u00e9crites Politique d'annulation","og_url":"https:\/\/www.oliveolives.com\/fr\/politiques\/annulation\/","og_site_name":"Olive &amp; Olives","article_publisher":"https:\/\/www.facebook.com\/olive.olives\/","article_modified_time":"2021-01-13T16:22:13+00:00","twitter_card":"summary_large_image","schema":{"@context":"https:\/\/schema.org","@graph":[{"@type":"WebPage","@id":"https:\/\/www.oliveolives.com\/fr\/politiques\/annulation\/","url":"https:\/\/www.oliveolives.com\/fr\/politiques\/annulation\/","name":"Politique d'annulation","isPartOf":{"@id":"https:\/\/www.oliveolives.com\/fr\/#website"},"datePublished":"2018-06-21T19:35:15+00:00","dateModified":"2021-01-13T16:22:13+00:00","description":"Informations sur l'exploitant Le site www.oliveolives.com est exploit\u00e9 par la Distributions Olive &amp; Olives inc. Les conditions de vente d\u00e9crites Politique d'annulation","breadcrumb":{"@id":"https:\/\/www.oliveolives.com\/fr\/politiques\/annulation\/#breadcrumb"},"inLanguage":"fr-FR","potentialAction":[{"@type":"ReadAction","target":["https:\/\/www.oliveolives.com\/fr\/politiques\/annulation\/"]}]},{"@type":"BreadcrumbList","@id":"https:\/\/www.oliveolives.com\/fr\/politiques\/annulation\/#breadcrumb","itemListElement":[{"@type":"ListItem","position":1,"name":"Accueil","item":"https:\/\/www.oliveolives.com\/fr\/"},{"@type":"ListItem","position":2,"name":"Politiques","item":"https:\/\/www.oliveolives.com\/fr\/politiques\/"},{"@type":"ListItem","position":3,"name":"Politique d&rsquo;annulation"}]},{"@type":"WebSite","@id":"https:\/\/www.oliveolives.com\/fr\/#website","url":"https:\/\/www.oliveolives.com\/fr\/","name":"Olive &amp; Olives","description":"Les sp\u00e9cialistes des huiles d\u2019olive extra vierges de qualit\u00e9","potentialAction":[{"@type":"SearchAction","target":{"@type":"EntryPoint","urlTemplate":"https:\/\/www.oliveolives.com\/fr\/?s={search_term_string}"},"query-input":{"@type":"PropertyValueSpecification","valueRequired":true,"valueName":"search_term_string"}}],"inLanguage":"fr-FR"}]}},"_links":{"self":[{"href":"https:\/\/www.oliveolives.com\/fr\/wp-json\/wp\/v2\/pages\/32","targetHints":{"allow":["GET"]}}],"collection":[{"href":"https:\/\/www.oliveolives.com\/fr\/wp-json\/wp\/v2\/pages"}],"about":[{"href":"https:\/\/www.oliveolives.com\/fr\/wp-json\/wp\/v2\/types\/page"}],"author":[{"embeddable":true,"href":"https:\/\/www.oliveolives.com\/fr\/wp-json\/wp\/v2\/users\/7"}],"replies":[{"embeddable":true,"href":"https:\/\/www.oliveolives.com\/fr\/wp-json\/wp\/v2\/comments?post=32"}],"version-history":[{"count":3,"href":"https:\/\/www.oliveolives.com\/fr\/wp-json\/wp\/v2\/pages\/32\/revisions"}],"predecessor-version":[{"id":7720,"href":"https:\/\/www.oliveolives.com\/fr\/wp-json\/wp\/v2\/pages\/32\/revisions\/7720"}],"up":[{"embeddable":true,"href":"https:\/\/www.oliveolives.com\/fr\/wp-json\/wp\/v2\/pages\/37"}],"wp:attachment":[{"href":"https:\/\/www.oliveolives.com\/fr\/wp-json\/wp\/v2\/media?parent=32"}],"curies":[{"name":"wp","href":"https:\/\/api.w.org\/{rel}","templated":true}]}}