{"id":24,"date":"2018-06-21T17:44:28","date_gmt":"2018-06-21T17:44:28","guid":{"rendered":"https:\/\/oliveolives.comabout-us\/"},"modified":"2021-06-09T14:19:38","modified_gmt":"2021-06-09T14:19:38","slug":"a-propos","status":"publish","type":"page","link":"https:\/\/www.oliveolives.com\/en\/a-propos\/","title":{"rendered":"About Us old"},"content":{"rendered":"","protected":false},"excerpt":{"rendered":"","protected":false},"author":7,"featured_media":0,"parent":0,"menu_order":0,"comment_status":"closed","ping_status":"closed","template":"templates\/about.php","meta":{"_acf_changed":false,"footnotes":""},"class_list":["post-24","page","type-page","status-publish","hentry"],"acf":[],"yoast_head":"<!-- This site is optimized with the Yoast SEO plugin v27.4 - https:\/\/yoast.com\/product\/yoast-seo-wordpress\/ -->\n<title>Une passion pour le monde ... et pour l&#039;huile d&#039;olive | Olive &amp; Olives<\/title>\n<meta name=\"description\" content=\"Claudia M. Pharand est passionn\u00e9e par l&#039;huile d&#039;olive comme certains le sont pour le vin, la musique, les arts. Dani\u00e8le Beauchamp est une \u00e9picurienne qui apprendra aux int\u00e9ress\u00e9s que l&#039;huile d&#039;olive s&#039;appr\u00eate \u00e0 toutes la sauce.\" \/>\n<meta name=\"robots\" content=\"index, follow, max-snippet:-1, max-image-preview:large, max-video-preview:-1\" \/>\n<link rel=\"canonical\" href=\"https:\/\/www.oliveolives.com\/en\/a-propos\/\" \/>\n<meta property=\"og:locale\" content=\"en_US\" \/>\n<meta property=\"og:type\" content=\"article\" \/>\n<meta property=\"og:title\" content=\"Une passion pour le monde ... et pour l&#039;huile d&#039;olive | Olive &amp; Olives\" \/>\n<meta property=\"og:description\" content=\"Claudia M. Pharand est passionn\u00e9e par l&#039;huile d&#039;olive comme certains le sont pour le vin, la musique, les arts. Dani\u00e8le Beauchamp est une \u00e9picurienne qui apprendra aux int\u00e9ress\u00e9s que l&#039;huile d&#039;olive s&#039;appr\u00eate \u00e0 toutes la sauce.\" \/>\n<meta property=\"og:url\" content=\"https:\/\/www.oliveolives.com\/en\/a-propos\/\" \/>\n<meta property=\"og:site_name\" content=\"Olive &amp; Olives\" \/>\n<meta property=\"article:publisher\" content=\"https:\/\/www.facebook.com\/olive.olives\/\" \/>\n<meta property=\"article:modified_time\" content=\"2021-06-09T14:19:38+00:00\" \/>\n<meta name=\"twitter:card\" content=\"summary_large_image\" \/>\n<script type=\"application\/ld+json\" class=\"yoast-schema-graph\">{\"@context\":\"https:\\\/\\\/schema.org\",\"@graph\":[{\"@type\":\"WebPage\",\"@id\":\"https:\\\/\\\/www.oliveolives.com\\\/en\\\/a-propos\\\/\",\"url\":\"https:\\\/\\\/www.oliveolives.com\\\/en\\\/a-propos\\\/\",\"name\":\"Une passion pour le monde ... et pour l'huile d'olive | Olive & Olives\",\"isPartOf\":{\"@id\":\"https:\\\/\\\/www.oliveolives.com\\\/fr\\\/#website\"},\"datePublished\":\"2018-06-21T17:44:28+00:00\",\"dateModified\":\"2021-06-09T14:19:38+00:00\",\"description\":\"Claudia M. Pharand est passionn\u00e9e par l'huile d'olive comme certains le sont pour le vin, la musique, les arts. Dani\u00e8le Beauchamp est une \u00e9picurienne qui apprendra aux int\u00e9ress\u00e9s que l'huile d'olive s'appr\u00eate \u00e0 toutes la sauce.\",\"breadcrumb\":{\"@id\":\"https:\\\/\\\/www.oliveolives.com\\\/en\\\/a-propos\\\/#breadcrumb\"},\"inLanguage\":\"en-US\",\"potentialAction\":[{\"@type\":\"ReadAction\",\"target\":[\"https:\\\/\\\/www.oliveolives.com\\\/en\\\/a-propos\\\/\"]}]},{\"@type\":\"BreadcrumbList\",\"@id\":\"https:\\\/\\\/www.oliveolives.com\\\/en\\\/a-propos\\\/#breadcrumb\",\"itemListElement\":[{\"@type\":\"ListItem\",\"position\":1,\"name\":\"Accueil\",\"item\":\"https:\\\/\\\/www.oliveolives.com\\\/en\\\/\"},{\"@type\":\"ListItem\",\"position\":2,\"name\":\"About Us old\"}]},{\"@type\":\"WebSite\",\"@id\":\"https:\\\/\\\/www.oliveolives.com\\\/fr\\\/#website\",\"url\":\"https:\\\/\\\/www.oliveolives.com\\\/fr\\\/\",\"name\":\"Olive &amp; Olives\",\"description\":\"Les sp\u00e9cialistes des huiles d\u2019olive extra vierges de qualit\u00e9\",\"potentialAction\":[{\"@type\":\"SearchAction\",\"target\":{\"@type\":\"EntryPoint\",\"urlTemplate\":\"https:\\\/\\\/www.oliveolives.com\\\/fr\\\/?s={search_term_string}\"},\"query-input\":{\"@type\":\"PropertyValueSpecification\",\"valueRequired\":true,\"valueName\":\"search_term_string\"}}],\"inLanguage\":\"en-US\"}]}<\/script>\n<!-- \/ Yoast SEO plugin. -->","yoast_head_json":{"title":"Une passion pour le monde ... et pour l'huile d'olive | Olive & Olives","description":"Claudia M. Pharand est passionn\u00e9e par l'huile d'olive comme certains le sont pour le vin, la musique, les arts. Dani\u00e8le Beauchamp est une \u00e9picurienne qui apprendra aux int\u00e9ress\u00e9s que l'huile d'olive s'appr\u00eate \u00e0 toutes la sauce.","robots":{"index":"index","follow":"follow","max-snippet":"max-snippet:-1","max-image-preview":"max-image-preview:large","max-video-preview":"max-video-preview:-1"},"canonical":"https:\/\/www.oliveolives.com\/en\/a-propos\/","og_locale":"en_US","og_type":"article","og_title":"Une passion pour le monde ... et pour l'huile d'olive | Olive & Olives","og_description":"Claudia M. Pharand est passionn\u00e9e par l'huile d'olive comme certains le sont pour le vin, la musique, les arts. Dani\u00e8le Beauchamp est une \u00e9picurienne qui apprendra aux int\u00e9ress\u00e9s que l'huile d'olive s'appr\u00eate \u00e0 toutes la sauce.","og_url":"https:\/\/www.oliveolives.com\/en\/a-propos\/","og_site_name":"Olive &amp; Olives","article_publisher":"https:\/\/www.facebook.com\/olive.olives\/","article_modified_time":"2021-06-09T14:19:38+00:00","twitter_card":"summary_large_image","schema":{"@context":"https:\/\/schema.org","@graph":[{"@type":"WebPage","@id":"https:\/\/www.oliveolives.com\/en\/a-propos\/","url":"https:\/\/www.oliveolives.com\/en\/a-propos\/","name":"Une passion pour le monde ... et pour l'huile d'olive | Olive & Olives","isPartOf":{"@id":"https:\/\/www.oliveolives.com\/fr\/#website"},"datePublished":"2018-06-21T17:44:28+00:00","dateModified":"2021-06-09T14:19:38+00:00","description":"Claudia M. Pharand est passionn\u00e9e par l'huile d'olive comme certains le sont pour le vin, la musique, les arts. Dani\u00e8le Beauchamp est une \u00e9picurienne qui apprendra aux int\u00e9ress\u00e9s que l'huile d'olive s'appr\u00eate \u00e0 toutes la sauce.","breadcrumb":{"@id":"https:\/\/www.oliveolives.com\/en\/a-propos\/#breadcrumb"},"inLanguage":"en-US","potentialAction":[{"@type":"ReadAction","target":["https:\/\/www.oliveolives.com\/en\/a-propos\/"]}]},{"@type":"BreadcrumbList","@id":"https:\/\/www.oliveolives.com\/en\/a-propos\/#breadcrumb","itemListElement":[{"@type":"ListItem","position":1,"name":"Accueil","item":"https:\/\/www.oliveolives.com\/en\/"},{"@type":"ListItem","position":2,"name":"About Us old"}]},{"@type":"WebSite","@id":"https:\/\/www.oliveolives.com\/fr\/#website","url":"https:\/\/www.oliveolives.com\/fr\/","name":"Olive &amp; Olives","description":"Les sp\u00e9cialistes des huiles d\u2019olive extra vierges de qualit\u00e9","potentialAction":[{"@type":"SearchAction","target":{"@type":"EntryPoint","urlTemplate":"https:\/\/www.oliveolives.com\/fr\/?s={search_term_string}"},"query-input":{"@type":"PropertyValueSpecification","valueRequired":true,"valueName":"search_term_string"}}],"inLanguage":"en-US"}]}},"_links":{"self":[{"href":"https:\/\/www.oliveolives.com\/en\/wp-json\/wp\/v2\/pages\/24","targetHints":{"allow":["GET"]}}],"collection":[{"href":"https:\/\/www.oliveolives.com\/en\/wp-json\/wp\/v2\/pages"}],"about":[{"href":"https:\/\/www.oliveolives.com\/en\/wp-json\/wp\/v2\/types\/page"}],"author":[{"embeddable":true,"href":"https:\/\/www.oliveolives.com\/en\/wp-json\/wp\/v2\/users\/7"}],"replies":[{"embeddable":true,"href":"https:\/\/www.oliveolives.com\/en\/wp-json\/wp\/v2\/comments?post=24"}],"version-history":[{"count":1,"href":"https:\/\/www.oliveolives.com\/en\/wp-json\/wp\/v2\/pages\/24\/revisions"}],"predecessor-version":[{"id":9486,"href":"https:\/\/www.oliveolives.com\/en\/wp-json\/wp\/v2\/pages\/24\/revisions\/9486"}],"wp:attachment":[{"href":"https:\/\/www.oliveolives.com\/en\/wp-json\/wp\/v2\/media?parent=24"}],"curies":[{"name":"wp","href":"https:\/\/api.w.org\/{rel}","templated":true}]}}